{"id":520,"date":"2018-10-25T15:45:43","date_gmt":"2018-10-25T18:45:43","guid":{"rendered":"https:\/\/www.vitoriapalacehotel.com.br\/blog\/?page_id=520"},"modified":"2018-10-25T16:04:02","modified_gmt":"2018-10-25T19:04:02","slug":"depoimentos","status":"publish","type":"page","link":"https:\/\/www.vitoriapalacehotel.com.br\/blog\/depoimentos\/","title":{"rendered":"Depoimentos"},"content":{"rendered":"<p><img loading=\"lazy\" decoding=\"async\" data-attachment-id=\"524\" data-permalink=\"https:\/\/www.vitoriapalacehotel.com.br\/blog\/depoimentos\/banner_depoimentos_-500x250_2\/\" data-orig-file=\"https:\/\/www.vitoriapalacehotel.com.br\/blog\/wp-content\/uploads\/2018\/10\/banner_depoimentos_-500x250_2.jpg\" data-orig-size=\"500,250\" data-comments-opened=\"1\" data-image-meta=\"{&quot;aperture&quot;:&quot;0&quot;,&quot;credit&quot;:&quot;&quot;,&quot;camera&quot;:&quot;&quot;,&quot;caption&quot;:&quot;&quot;,&quot;created_timestamp&quot;:&quot;0&quot;,&quot;copyright&quot;:&quot;&quot;,&quot;focal_length&quot;:&quot;0&quot;,&quot;iso&quot;:&quot;0&quot;,&quot;shutter_speed&quot;:&quot;0&quot;,&quot;title&quot;:&quot;&quot;,&quot;orientation&quot;:&quot;1&quot;}\" data-image-title=\"banner_depoimentos_ 500x250_2\" data-image-description=\"\" data-image-caption=\"\" data-medium-file=\"https:\/\/www.vitoriapalacehotel.com.br\/blog\/wp-content\/uploads\/2018\/10\/banner_depoimentos_-500x250_2-300x150.jpg\" data-large-file=\"https:\/\/www.vitoriapalacehotel.com.br\/blog\/wp-content\/uploads\/2018\/10\/banner_depoimentos_-500x250_2.jpg\" class=\"aligncenter wp-image-524 size-full\" src=\"https:\/\/www.vitoriapalacehotel.com.br\/blog\/wp-content\/uploads\/2018\/10\/banner_depoimentos_-500x250_2.jpg\" alt=\"\" width=\"500\" height=\"250\" srcset=\"https:\/\/www.vitoriapalacehotel.com.br\/blog\/wp-content\/uploads\/2018\/10\/banner_depoimentos_-500x250_2.jpg 500w, https:\/\/www.vitoriapalacehotel.com.br\/blog\/wp-content\/uploads\/2018\/10\/banner_depoimentos_-500x250_2-300x150.jpg 300w\" sizes=\"auto, (max-width: 500px) 100vw, 500px\" \/><br \/>\n\t\t\t\t<p><em>Seu arquivo de depoimentos n\u00e3o tem entradas no momento. Voc\u00ea pode come\u00e7ar criando-os no seu painel.<\/p><\/em>\n\t\t\t\t<\/p>\n<p>Compartilhe voc\u00ea tamb\u00e9m como foi sua experi\u00eancia no nosso Hotel!<br \/>\n\n<div class=\"wpcf7 no-js\" id=\"wpcf7-f526-o1\" lang=\"pt-BR\" dir=\"ltr\" data-wpcf7-id=\"526\">\n<div class=\"screen-reader-response\"><p role=\"status\" aria-live=\"polite\" aria-atomic=\"true\"><\/p> <ul><\/ul><\/div>\n<form action=\"\/blog\/wp-json\/wp\/v2\/pages\/520#wpcf7-f526-o1\" method=\"post\" class=\"wpcf7-form init\" aria-label=\"Formul\u00e1rios de contato\" novalidate=\"novalidate\" data-status=\"init\">\n<div style=\"display: none;\">\n<input type=\"hidden\" name=\"_wpcf7\" value=\"526\" \/>\n<input type=\"hidden\" name=\"_wpcf7_version\" value=\"6.0.6\" \/>\n<input type=\"hidden\" name=\"_wpcf7_locale\" value=\"pt_BR\" \/>\n<input type=\"hidden\" name=\"_wpcf7_unit_tag\" value=\"wpcf7-f526-o1\" \/>\n<input type=\"hidden\" name=\"_wpcf7_container_post\" value=\"0\" \/>\n<input type=\"hidden\" name=\"_wpcf7_posted_data_hash\" value=\"\" \/>\n<input type=\"hidden\" name=\"_wpcf7_recaptcha_response\" value=\"\" \/>\n<\/div>\n<p><label> Seu nome (obrigat\u00f3rio)<br \/>\n<span class=\"wpcf7-form-control-wrap\" data-name=\"your-name\"><input size=\"40\" maxlength=\"400\" class=\"wpcf7-form-control wpcf7-text wpcf7-validates-as-required\" aria-required=\"true\" aria-invalid=\"false\" value=\"\" type=\"text\" name=\"your-name\" \/><\/span> <\/label>\n<\/p>\n<p><label> Seu e-mail (obrigat\u00f3rio)<br \/>\n<span class=\"wpcf7-form-control-wrap\" data-name=\"your-email\"><input size=\"40\" maxlength=\"400\" class=\"wpcf7-form-control wpcf7-email wpcf7-validates-as-required wpcf7-text wpcf7-validates-as-email\" aria-required=\"true\" aria-invalid=\"false\" value=\"\" type=\"email\" name=\"your-email\" \/><\/span> <\/label>\n<\/p>\n<p><label> O que achou de sua Estadia no Vit\u00f3ria Palace Hotel?<br \/>\n<span class=\"wpcf7-form-control-wrap\" data-name=\"your-message\"><textarea cols=\"40\" rows=\"10\" maxlength=\"2000\" class=\"wpcf7-form-control wpcf7-textarea wpcf7-validates-as-required\" aria-required=\"true\" aria-invalid=\"false\" name=\"your-message\"><\/textarea><\/span> <\/label>\n<\/p>\n<p>&nbsp;\n<\/p>\n<p>Quantas estrelas voc\u00ea atribui aos nossos servi\u00e7os? (sendo 1 estrela \"p\u00e9ssimo\" e 5 estrelas \"\u00f3timo\")<br \/>\n<span class=\"wpcf7-form-control-wrap\" data-name=\"checkbox-408\"><span class=\"wpcf7-form-control wpcf7-checkbox wpcf7-validates-as-required wpcf7-exclusive-checkbox\" id=\"avaliacao\"><span class=\"wpcf7-list-item first\"><label><input type=\"checkbox\" name=\"checkbox-408\" value=\"1\" \/><span class=\"wpcf7-list-item-label\">1<\/span><\/label><\/span><span class=\"wpcf7-list-item\"><label><input type=\"checkbox\" name=\"checkbox-408\" value=\"2\" \/><span class=\"wpcf7-list-item-label\">2<\/span><\/label><\/span><span class=\"wpcf7-list-item\"><label><input type=\"checkbox\" name=\"checkbox-408\" value=\"3\" \/><span class=\"wpcf7-list-item-label\">3<\/span><\/label><\/span><span class=\"wpcf7-list-item\"><label><input type=\"checkbox\" name=\"checkbox-408\" value=\"4\" \/><span class=\"wpcf7-list-item-label\">4<\/span><\/label><\/span><span class=\"wpcf7-list-item last\"><label><input type=\"checkbox\" name=\"checkbox-408\" value=\"5\" \/><span class=\"wpcf7-list-item-label\">5<\/span><\/label><\/span><\/span><\/span>\n<\/p>\n<p>&nbsp;\n<\/p>\n<p>Ao clicar em enviar estou concordando em compartilhar minha opini\u00e3o com outros usu\u00e1rios do Website Vit\u00f3ria Palace Hotel.\n<\/p>\n<p>&nbsp;\n<\/p>\n\n<p>&nbsp;\n<\/p>\n<p><input class=\"wpcf7-form-control wpcf7-submit has-spinner\" type=\"submit\" value=\"Enviar\" \/>\n<\/p><p style=\"display: none !important;\"><label>&#916;<textarea name=\"_wpcf7_ak_hp_textarea\" cols=\"45\" rows=\"8\" maxlength=\"100\"><\/textarea><\/label><input type=\"hidden\" id=\"ak_js_1\" name=\"_wpcf7_ak_js\" value=\"160\"\/><script>document.getElementById( \"ak_js_1\" ).setAttribute( \"value\", ( new Date() ).getTime() );<\/script><\/p><div class=\"wpcf7-response-output\" aria-hidden=\"true\"><\/div>\n<\/form>\n<\/div>\n<\/p>\n<!-- AddThis Advanced Settings generic via filter on the_content --><!-- AddThis Share Buttons generic via filter on the_content -->","protected":false},"excerpt":{"rendered":"<p>Compartilhe voc\u00ea tamb\u00e9m como foi sua experi\u00eancia no nosso Hotel!<!-- AddThis Advanced Settings generic via filter on get_the_excerpt --><!-- AddThis Share Buttons generic via filter on get_the_excerpt --><\/p>\n","protected":false},"author":1,"featured_media":0,"parent":0,"menu_order":0,"comment_status":"closed","ping_status":"closed","template":"","meta":{"jetpack_post_was_ever_published":false,"footnotes":""},"class_list":["post-520","page","type-page","status-publish","hentry"],"yoast_head":"<!-- This site is optimized with the Yoast SEO plugin v26.9 - https:\/\/yoast.com\/product\/yoast-seo-wordpress\/ -->\n<title>Depoimentos - Vit\u00f3ria Palace Hotel Blog<\/title>\n<meta name=\"robots\" content=\"index, follow, max-snippet:-1, max-image-preview:large, max-video-preview:-1\" \/>\n<link rel=\"canonical\" href=\"https:\/\/www.vitoriapalacehotel.com.br\/blog\/depoimentos\/\" \/>\n<meta property=\"og:locale\" content=\"pt_BR\" \/>\n<meta property=\"og:type\" content=\"article\" \/>\n<meta property=\"og:title\" content=\"Depoimentos - Vit\u00f3ria Palace Hotel Blog\" \/>\n<meta property=\"og:description\" content=\"Compartilhe voc\u00ea tamb\u00e9m como foi sua experi\u00eancia no nosso Hotel!\" \/>\n<meta property=\"og:url\" content=\"https:\/\/www.vitoriapalacehotel.com.br\/blog\/depoimentos\/\" \/>\n<meta property=\"og:site_name\" content=\"Vit\u00f3ria Palace Hotel Blog\" \/>\n<meta property=\"article:publisher\" content=\"https:\/\/www.facebook.com\/vitoriapalacehotel.com.br\/\" \/>\n<meta property=\"article:modified_time\" content=\"2018-10-25T19:04:02+00:00\" \/>\n<meta property=\"og:image\" content=\"https:\/\/www.vitoriapalacehotel.com.br\/blog\/wp-content\/uploads\/2018\/10\/banner_depoimentos_-500x250_2.jpg\" \/>\n<meta name=\"twitter:card\" content=\"summary_large_image\" \/>\n<meta name=\"twitter:site\" content=\"@vitoriapalacern\" \/>\n<script type=\"application\/ld+json\" class=\"yoast-schema-graph\">{\"@context\":\"https:\/\/schema.org\",\"@graph\":[{\"@type\":\"WebPage\",\"@id\":\"https:\/\/www.vitoriapalacehotel.com.br\/blog\/depoimentos\/\",\"url\":\"https:\/\/www.vitoriapalacehotel.com.br\/blog\/depoimentos\/\",\"name\":\"Depoimentos - Vit\u00f3ria Palace Hotel Blog\",\"isPartOf\":{\"@id\":\"https:\/\/www.vitoriapalacehotel.com.br\/blog\/#website\"},\"primaryImageOfPage\":{\"@id\":\"https:\/\/www.vitoriapalacehotel.com.br\/blog\/depoimentos\/#primaryimage\"},\"image\":{\"@id\":\"https:\/\/www.vitoriapalacehotel.com.br\/blog\/depoimentos\/#primaryimage\"},\"thumbnailUrl\":\"https:\/\/www.vitoriapalacehotel.com.br\/blog\/wp-content\/uploads\/2018\/10\/banner_depoimentos_-500x250_2.jpg\",\"datePublished\":\"2018-10-25T18:45:43+00:00\",\"dateModified\":\"2018-10-25T19:04:02+00:00\",\"breadcrumb\":{\"@id\":\"https:\/\/www.vitoriapalacehotel.com.br\/blog\/depoimentos\/#breadcrumb\"},\"inLanguage\":\"pt-BR\",\"potentialAction\":[{\"@type\":\"ReadAction\",\"target\":[\"https:\/\/www.vitoriapalacehotel.com.br\/blog\/depoimentos\/\"]}]},{\"@type\":\"ImageObject\",\"inLanguage\":\"pt-BR\",\"@id\":\"https:\/\/www.vitoriapalacehotel.com.br\/blog\/depoimentos\/#primaryimage\",\"url\":\"https:\/\/www.vitoriapalacehotel.com.br\/blog\/wp-content\/uploads\/2018\/10\/banner_depoimentos_-500x250_2.jpg\",\"contentUrl\":\"https:\/\/www.vitoriapalacehotel.com.br\/blog\/wp-content\/uploads\/2018\/10\/banner_depoimentos_-500x250_2.jpg\",\"width\":500,\"height\":250},{\"@type\":\"BreadcrumbList\",\"@id\":\"https:\/\/www.vitoriapalacehotel.com.br\/blog\/depoimentos\/#breadcrumb\",\"itemListElement\":[{\"@type\":\"ListItem\",\"position\":1,\"name\":\"In\u00edcio\",\"item\":\"https:\/\/www.vitoriapalacehotel.com.br\/blog\/\"},{\"@type\":\"ListItem\",\"position\":2,\"name\":\"Depoimentos\"}]},{\"@type\":\"WebSite\",\"@id\":\"https:\/\/www.vitoriapalacehotel.com.br\/blog\/#website\",\"url\":\"https:\/\/www.vitoriapalacehotel.com.br\/blog\/\",\"name\":\"Vit\u00f3ria Palace Hotel Blog\",\"description\":\"Blog do Vit\u00f3ria Palace Hotel\",\"publisher\":{\"@id\":\"https:\/\/www.vitoriapalacehotel.com.br\/blog\/#organization\"},\"potentialAction\":[{\"@type\":\"SearchAction\",\"target\":{\"@type\":\"EntryPoint\",\"urlTemplate\":\"https:\/\/www.vitoriapalacehotel.com.br\/blog\/?s={search_term_string}\"},\"query-input\":{\"@type\":\"PropertyValueSpecification\",\"valueRequired\":true,\"valueName\":\"search_term_string\"}}],\"inLanguage\":\"pt-BR\"},{\"@type\":\"Organization\",\"@id\":\"https:\/\/www.vitoriapalacehotel.com.br\/blog\/#organization\",\"name\":\"Vit\u00f3ria Palace Hotel Blog\",\"url\":\"https:\/\/www.vitoriapalacehotel.com.br\/blog\/\",\"logo\":{\"@type\":\"ImageObject\",\"inLanguage\":\"pt-BR\",\"@id\":\"https:\/\/www.vitoriapalacehotel.com.br\/blog\/#\/schema\/logo\/image\/\",\"url\":\"https:\/\/www.vitoriapalacehotel.com.br\/blog\/wp-content\/uploads\/2018\/01\/cropped-logo_vitoria_palace_hotel_250x250-1.jpg\",\"contentUrl\":\"https:\/\/www.vitoriapalacehotel.com.br\/blog\/wp-content\/uploads\/2018\/01\/cropped-logo_vitoria_palace_hotel_250x250-1.jpg\",\"width\":250,\"height\":249,\"caption\":\"Vit\u00f3ria Palace Hotel Blog\"},\"image\":{\"@id\":\"https:\/\/www.vitoriapalacehotel.com.br\/blog\/#\/schema\/logo\/image\/\"},\"sameAs\":[\"https:\/\/www.facebook.com\/vitoriapalacehotel.com.br\/\",\"https:\/\/x.com\/vitoriapalacern\",\"https:\/\/www.instagram.com\/vitoriapalacern\/\"]}]}<\/script>\n<!-- \/ Yoast SEO plugin. -->","yoast_head_json":{"title":"Depoimentos - Vit\u00f3ria Palace Hotel Blog","robots":{"index":"index","follow":"follow","max-snippet":"max-snippet:-1","max-image-preview":"max-image-preview:large","max-video-preview":"max-video-preview:-1"},"canonical":"https:\/\/www.vitoriapalacehotel.com.br\/blog\/depoimentos\/","og_locale":"pt_BR","og_type":"article","og_title":"Depoimentos - Vit\u00f3ria Palace Hotel Blog","og_description":"Compartilhe voc\u00ea tamb\u00e9m como foi sua experi\u00eancia no nosso Hotel!","og_url":"https:\/\/www.vitoriapalacehotel.com.br\/blog\/depoimentos\/","og_site_name":"Vit\u00f3ria Palace Hotel Blog","article_publisher":"https:\/\/www.facebook.com\/vitoriapalacehotel.com.br\/","article_modified_time":"2018-10-25T19:04:02+00:00","og_image":[{"url":"https:\/\/www.vitoriapalacehotel.com.br\/blog\/wp-content\/uploads\/2018\/10\/banner_depoimentos_-500x250_2.jpg","type":"","width":"","height":""}],"twitter_card":"summary_large_image","twitter_site":"@vitoriapalacern","schema":{"@context":"https:\/\/schema.org","@graph":[{"@type":"WebPage","@id":"https:\/\/www.vitoriapalacehotel.com.br\/blog\/depoimentos\/","url":"https:\/\/www.vitoriapalacehotel.com.br\/blog\/depoimentos\/","name":"Depoimentos - Vit\u00f3ria Palace Hotel Blog","isPartOf":{"@id":"https:\/\/www.vitoriapalacehotel.com.br\/blog\/#website"},"primaryImageOfPage":{"@id":"https:\/\/www.vitoriapalacehotel.com.br\/blog\/depoimentos\/#primaryimage"},"image":{"@id":"https:\/\/www.vitoriapalacehotel.com.br\/blog\/depoimentos\/#primaryimage"},"thumbnailUrl":"https:\/\/www.vitoriapalacehotel.com.br\/blog\/wp-content\/uploads\/2018\/10\/banner_depoimentos_-500x250_2.jpg","datePublished":"2018-10-25T18:45:43+00:00","dateModified":"2018-10-25T19:04:02+00:00","breadcrumb":{"@id":"https:\/\/www.vitoriapalacehotel.com.br\/blog\/depoimentos\/#breadcrumb"},"inLanguage":"pt-BR","potentialAction":[{"@type":"ReadAction","target":["https:\/\/www.vitoriapalacehotel.com.br\/blog\/depoimentos\/"]}]},{"@type":"ImageObject","inLanguage":"pt-BR","@id":"https:\/\/www.vitoriapalacehotel.com.br\/blog\/depoimentos\/#primaryimage","url":"https:\/\/www.vitoriapalacehotel.com.br\/blog\/wp-content\/uploads\/2018\/10\/banner_depoimentos_-500x250_2.jpg","contentUrl":"https:\/\/www.vitoriapalacehotel.com.br\/blog\/wp-content\/uploads\/2018\/10\/banner_depoimentos_-500x250_2.jpg","width":500,"height":250},{"@type":"BreadcrumbList","@id":"https:\/\/www.vitoriapalacehotel.com.br\/blog\/depoimentos\/#breadcrumb","itemListElement":[{"@type":"ListItem","position":1,"name":"In\u00edcio","item":"https:\/\/www.vitoriapalacehotel.com.br\/blog\/"},{"@type":"ListItem","position":2,"name":"Depoimentos"}]},{"@type":"WebSite","@id":"https:\/\/www.vitoriapalacehotel.com.br\/blog\/#website","url":"https:\/\/www.vitoriapalacehotel.com.br\/blog\/","name":"Vit\u00f3ria Palace Hotel Blog","description":"Blog do Vit\u00f3ria Palace Hotel","publisher":{"@id":"https:\/\/www.vitoriapalacehotel.com.br\/blog\/#organization"},"potentialAction":[{"@type":"SearchAction","target":{"@type":"EntryPoint","urlTemplate":"https:\/\/www.vitoriapalacehotel.com.br\/blog\/?s={search_term_string}"},"query-input":{"@type":"PropertyValueSpecification","valueRequired":true,"valueName":"search_term_string"}}],"inLanguage":"pt-BR"},{"@type":"Organization","@id":"https:\/\/www.vitoriapalacehotel.com.br\/blog\/#organization","name":"Vit\u00f3ria Palace Hotel Blog","url":"https:\/\/www.vitoriapalacehotel.com.br\/blog\/","logo":{"@type":"ImageObject","inLanguage":"pt-BR","@id":"https:\/\/www.vitoriapalacehotel.com.br\/blog\/#\/schema\/logo\/image\/","url":"https:\/\/www.vitoriapalacehotel.com.br\/blog\/wp-content\/uploads\/2018\/01\/cropped-logo_vitoria_palace_hotel_250x250-1.jpg","contentUrl":"https:\/\/www.vitoriapalacehotel.com.br\/blog\/wp-content\/uploads\/2018\/01\/cropped-logo_vitoria_palace_hotel_250x250-1.jpg","width":250,"height":249,"caption":"Vit\u00f3ria Palace Hotel Blog"},"image":{"@id":"https:\/\/www.vitoriapalacehotel.com.br\/blog\/#\/schema\/logo\/image\/"},"sameAs":["https:\/\/www.facebook.com\/vitoriapalacehotel.com.br\/","https:\/\/x.com\/vitoriapalacern","https:\/\/www.instagram.com\/vitoriapalacern\/"]}]}},"jetpack_sharing_enabled":true,"jetpack_shortlink":"https:\/\/wp.me\/P9x5Rp-8o","jetpack-related-posts":[],"_links":{"self":[{"href":"https:\/\/www.vitoriapalacehotel.com.br\/blog\/wp-json\/wp\/v2\/pages\/520","targetHints":{"allow":["GET"]}}],"collection":[{"href":"https:\/\/www.vitoriapalacehotel.com.br\/blog\/wp-json\/wp\/v2\/pages"}],"about":[{"href":"https:\/\/www.vitoriapalacehotel.com.br\/blog\/wp-json\/wp\/v2\/types\/page"}],"author":[{"embeddable":true,"href":"https:\/\/www.vitoriapalacehotel.com.br\/blog\/wp-json\/wp\/v2\/users\/1"}],"replies":[{"embeddable":true,"href":"https:\/\/www.vitoriapalacehotel.com.br\/blog\/wp-json\/wp\/v2\/comments?post=520"}],"version-history":[{"count":4,"href":"https:\/\/www.vitoriapalacehotel.com.br\/blog\/wp-json\/wp\/v2\/pages\/520\/revisions"}],"predecessor-version":[{"id":528,"href":"https:\/\/www.vitoriapalacehotel.com.br\/blog\/wp-json\/wp\/v2\/pages\/520\/revisions\/528"}],"wp:attachment":[{"href":"https:\/\/www.vitoriapalacehotel.com.br\/blog\/wp-json\/wp\/v2\/media?parent=520"}],"curies":[{"name":"wp","href":"https:\/\/api.w.org\/{rel}","templated":true}]}}